{"id":6,"date":"2026-02-24T10:16:19","date_gmt":"2026-02-24T10:16:19","guid":{"rendered":"https:\/\/privateaisolutions.org\/?page_id=6"},"modified":"2026-03-23T12:03:31","modified_gmt":"2026-03-23T12:03:31","slug":"private-ai-solutions","status":"publish","type":"page","link":"https:\/\/privateaisolutions.org\/","title":{"rendered":"Private AI Solutions"},"content":{"rendered":"\n<div class=\"wp-block-group alignfull sh-hero has-global-padding is-layout-constrained wp-block-group-is-layout-constrained\">\n<div class=\"wp-block-group sh-wrap has-global-padding is-layout-constrained wp-block-group-is-layout-constrained\">\n<h1 class=\"wp-block-heading has-text-align-center sh-title\">Turvallinen teko\u00e4lyj\u00e4rjestelm\u00e4 rekrytointiin<\/h1>\n\n\n\n<p><\/p>\n\n\n\n<div class=\"wp-block-columns is-layout-flex wp-container-core-columns-is-layout-28f84493 wp-block-columns-is-layout-flex\">\n<div class=\"wp-block-column is-layout-flow wp-block-column-is-layout-flow\" style=\"flex-basis:38%\">\n<figure class=\"wp-block-image aligncenter size-full is-resized is-style-default\"><img loading=\"lazy\" decoding=\"async\" width=\"1024\" height=\"1024\" src=\"https:\/\/privateaisolutions.org\/wp-content\/uploads\/2026\/03\/SafeHireAI_medium_resolution.png\" alt=\"\" class=\"wp-image-68\" style=\"object-fit:cover;width:245px;height:265px\" srcset=\"https:\/\/privateaisolutions.org\/wp-content\/uploads\/2026\/03\/SafeHireAI_medium_resolution.png 1024w, https:\/\/privateaisolutions.org\/wp-content\/uploads\/2026\/03\/SafeHireAI_medium_resolution-300x300.png 300w, https:\/\/privateaisolutions.org\/wp-content\/uploads\/2026\/03\/SafeHireAI_medium_resolution-150x150.png 150w, https:\/\/privateaisolutions.org\/wp-content\/uploads\/2026\/03\/SafeHireAI_medium_resolution-768x768.png 768w\" sizes=\"auto, (max-width: 1024px) 100vw, 1024px\" \/><\/figure>\n<\/div>\n\n\n\n<div class=\"wp-block-column is-layout-flow wp-block-column-is-layout-flow\" style=\"flex-basis:66.66%\">\n<figure class=\"wp-block-video\"><video height=\"720\" style=\"aspect-ratio: 1080 \/ 720;\" width=\"1080\" controls src=\"https:\/\/privateaisolutions.org\/wp-content\/uploads\/2026\/03\/lores_Shai_230326.mp4\"><\/video><\/figure>\n<\/div>\n<\/div>\n\n\n\n<p class=\"has-text-align-center sh-lead\">SafeHire AI auttaa rekrytoijaa vertaamaan hakijamateriaaleja ty\u00f6paikkailmoitukseen nopeasti ja yhdenmukaisesti. <\/p>\n\n\n\n<p class=\"has-text-align-center\">Sovellus toimii <strong>ilman verkkoyhteytt\u00e4<\/strong> k\u00e4ytt\u00e4en rekrytoijan omaa konetta tai organisaation omaa serveri\u00e4 AI analyyseihin. T\u00e4ll\u00f6in <strong>henkil\u00f6tietojen k\u00e4sittely<\/strong> pysyy t\u00e4ysin organisaation sis\u00e4ll\u00e4. Sovellus tuottaa mm. kunkin hakijan <strong>soveltuvuusarvion<\/strong> (%), sek\u00e4 kuvauksen hakijan <strong>vahvuuksista<\/strong> ja <strong>heikkouksista<\/strong> suhteessa teht\u00e4v\u00e4\u00e4n. Tulokset saa k\u00e4tev\u00e4sti ulos <strong>Excel<\/strong> -muodossa.<\/p>\n\n\n\n<div class=\"wp-block-group is-content-justification-center is-nowrap is-layout-flex wp-container-core-group-is-layout-23441af8 wp-block-group-is-layout-flex\">\n<div class=\"wp-block-buttons is-layout-flex wp-block-buttons-is-layout-flex\">\n<div class=\"wp-block-button\"><a class=\"wp-block-button__link wp-element-button\" href=\"https:\/\/privateaisolutions.org\/SafeHireAI_tiedostojako\/SafeHireAI.zip\">Lataa SafeHire AI (tool demo)<\/a><\/div>\n\n\n\n<div class=\"wp-block-button\"><a class=\"wp-block-button__link wp-element-button\" href=\"https:\/\/privateaisolutions.org\/SafeHireAI_tiedostojako\/Instructions.pdf\">Lataa k\u00e4ytt\u00f6ohjeet (tool demo)<\/a><\/div>\n<\/div>\n<\/div>\n<\/div>\n<\/div>\n\n\n\n<div class=\"wp-block-group sh-section has-global-padding is-layout-constrained wp-block-group-is-layout-constrained\">\n<div class=\"wp-block-columns is-layout-flex wp-container-core-columns-is-layout-28f84493 wp-block-columns-is-layout-flex\">\n<div class=\"wp-block-column is-layout-flow wp-block-column-is-layout-flow\">\n<h3 class=\"wp-block-heading has-large-font-size\">Tietosuoja<\/h3>\n\n\n\n<p>Hakijadata pysyy organisaation omassa hallinnassa ilman pilvipalveluita.<\/p>\n<\/div>\n\n\n\n<div class=\"wp-block-column is-layout-flow wp-block-column-is-layout-flow\">\n<h3 class=\"wp-block-heading has-large-font-size\">Dokumentointi<\/h3>\n\n\n\n<p>EU:n teko\u00e4lyasetuksen mukainen dokumentointi auttaa v\u00e4ltt\u00e4m\u00e4\u00e4n riskej\u00e4.<\/p>\n<\/div>\n\n\n\n<div class=\"wp-block-column is-layout-flow wp-block-column-is-layout-flow\">\n<h3 class=\"wp-block-heading has-large-font-size\">Tehokkuus<\/h3>\n\n\n\n<p class=\"has-text-align-left\">Esikarsinta nopeutuu merkitt\u00e4v\u00e4sti ja rekrytoijien kuormitus pienenee.<\/p>\n<\/div>\n<\/div>\n<\/div>\n\n\n\n<div class=\"wp-block-group sh-section has-global-padding is-layout-constrained wp-block-group-is-layout-constrained\">\n<h2 class=\"wp-block-heading\">Miten se toimii?<\/h2>\n\n\n\n<ul class=\"wp-block-list\">\n<li>Avaa ty\u00f6paikkailmoitus ja valitse arvioijat<\/li>\n\n\n\n<li>Ty\u00f6nhakijat l\u00e4hett\u00e4v\u00e4t hakemukset ja teko\u00e4ly k\u00e4sittelee ne automaattisesti<\/li>\n\n\n\n<li>Saat arvion hakijoiden sopivuudesta ty\u00f6paikan vaatimuksiin, sek\u00e4 vahvuudet ja puutteet listattuna.<\/li>\n\n\n\n<li>Arvioijat pisteytt\u00e4v\u00e4t hakijat helppok\u00e4ytt\u00f6isess\u00e4 arviointin\u00e4kym\u00e4ss\u00e4<\/li>\n\n\n\n<li>Rekrytointitiimi ehdottaa hakijoiden siirtoa seuraaviin vaiheisiin.<\/li>\n\n\n\n<li>Haastatteluty\u00f6kalumme koostaa oleelliset tiedot yhteen n\u00e4kym\u00e4\u00e4n ja luonnistelee haastattelukysymykset<\/li>\n\n\n\n<li>Valitse ja hyv\u00e4ksy<\/li>\n<\/ul>\n\n\n\n<p class=\"has-small-font-size\"><\/p>\n<\/div>\n\n\n\n<div class=\"wp-block-group sh-section has-global-padding is-layout-constrained wp-block-group-is-layout-constrained\">\n<h2 class=\"wp-block-heading\">Paketit<\/h2>\n\n\n\n<div class=\"wp-block-columns is-layout-flex wp-container-core-columns-is-layout-28f84493 wp-block-columns-is-layout-flex\">\n<div class=\"wp-block-column sh-card is-layout-flow wp-block-column-is-layout-flow\">\n<h4 class=\"wp-block-heading\">SafeHire analysis -tool (29,90 \u20ac\/kk)<\/h4>\n\n\n\n<ul class=\"wp-block-list\">\n<li>Analyysity\u00f6kalu hakijoiden arviointiin<\/li>\n\n\n\n<li>Oleelliset toiminnallisuudet<\/li>\n\n\n\n<li>Sopii pienille tiimeille<\/li>\n<\/ul>\n<\/div>\n\n\n\n<div class=\"wp-block-column sh-card is-layout-flow wp-block-column-is-layout-flow\">\n<h4 class=\"wp-block-heading\">Full local ATS license (99,90\u20ac\/kk)<\/h4>\n\n\n\n<ul class=\"wp-block-list\">\n<li>Kaikki ATS ominaisuudet<\/li>\n\n\n\n<li>Nelj\u00e4 teko\u00e4lymallia<\/li>\n\n\n\n<li>Yrityshelpdesk<\/li>\n\n\n\n<li>SafeHire Host ei sis\u00e4lly<\/li>\n<\/ul>\n<\/div>\n\n\n\n<div class=\"wp-block-column is-layout-flow wp-block-column-is-layout-flow\">\n<h4 class=\"wp-block-heading\">Corporate\/ Server licence (Ota yhteytt\u00e4)<\/h4>\n\n\n\n<ul class=\"wp-block-list\">\n<li>Konesaliasennus<\/li>\n\n\n\n<li>Rajapinnat<\/li>\n\n\n\n<li>State-of-the-art -mallit<\/li>\n\n\n\n<li>Hardware asennukset tarpeen mukaan<\/li>\n<\/ul>\n<\/div>\n<\/div>\n<\/div>\n\n\n\n<div class=\"wp-block-group alignfull sh-cta has-global-padding is-layout-constrained wp-block-group-is-layout-constrained\">\n<div class=\"wp-block-group sh-wrap has-global-padding is-layout-constrained wp-block-group-is-layout-constrained\">\n<h2 class=\"wp-block-heading has-large-font-size\">Analyysipalvelu: AI arvio suurestakin hakijajoukosta<\/h2>\n\n\n\n<p>Suoritamme halutessanne AI analyysin tiloissanne suurtehotietokoneen avulla tai salatun tiedostol\u00e4hetyksen mahdollistamana et\u00e4n\u00e4. K\u00e4ytt\u00f6kohteina mm. aiempien rekrytointien suuret hakijam\u00e4\u00e4r\u00e4t tilanteessa, jossa hakijat ovat sallineet tietojensa k\u00e4yt\u00f6n muita ty\u00f6paikkoja t\u00e4ytett\u00e4ess\u00e4.<\/p>\n\n\n\n<p class=\"has-text-align-center\"><strong>Ota yhteytt\u00e4: matti@privateaisolutions.org<\/strong><\/p>\n\n\n\n<p class=\"has-text-align-center\"><em>Private AI Solutions Oy, Y-Tunnus: 3600880-5<\/em><\/p>\n<\/div>\n<\/div>\n","protected":false},"excerpt":{"rendered":"<p>Turvallinen teko\u00e4lyj\u00e4rjestelm\u00e4 rekrytointiin SafeHire AI auttaa rekrytoijaa vertaamaan hakijamateriaaleja ty\u00f6paikkailmoitukseen nopeasti ja yhdenmukaisesti. Sovellus toimii ilman verkkoyhteytt\u00e4 k\u00e4ytt\u00e4en rekrytoijan omaa konetta tai organisaation omaa serveri\u00e4 AI analyyseihin. T\u00e4ll\u00f6in henkil\u00f6tietojen k\u00e4sittely pysyy t\u00e4ysin organisaation sis\u00e4ll\u00e4. Sovellus tuottaa mm. kunkin hakijan soveltuvuusarvion (%), sek\u00e4 kuvauksen hakijan vahvuuksista ja heikkouksista suhteessa teht\u00e4v\u00e4\u00e4n. Tulokset saa k\u00e4tev\u00e4sti ulos Excel -muodossa. [&hellip;]<\/p>\n","protected":false},"author":1,"featured_media":0,"parent":0,"menu_order":0,"comment_status":"closed","ping_status":"closed","template":"","meta":{"footnotes":""},"class_list":["post-6","page","type-page","status-publish","hentry"],"_links":{"self":[{"href":"https:\/\/privateaisolutions.org\/index.php\/wp-json\/wp\/v2\/pages\/6","targetHints":{"allow":["GET"]}}],"collection":[{"href":"https:\/\/privateaisolutions.org\/index.php\/wp-json\/wp\/v2\/pages"}],"about":[{"href":"https:\/\/privateaisolutions.org\/index.php\/wp-json\/wp\/v2\/types\/page"}],"author":[{"embeddable":true,"href":"https:\/\/privateaisolutions.org\/index.php\/wp-json\/wp\/v2\/users\/1"}],"replies":[{"embeddable":true,"href":"https:\/\/privateaisolutions.org\/index.php\/wp-json\/wp\/v2\/comments?post=6"}],"version-history":[{"count":30,"href":"https:\/\/privateaisolutions.org\/index.php\/wp-json\/wp\/v2\/pages\/6\/revisions"}],"predecessor-version":[{"id":77,"href":"https:\/\/privateaisolutions.org\/index.php\/wp-json\/wp\/v2\/pages\/6\/revisions\/77"}],"wp:attachment":[{"href":"https:\/\/privateaisolutions.org\/index.php\/wp-json\/wp\/v2\/media?parent=6"}],"curies":[{"name":"wp","href":"https:\/\/api.w.org\/{rel}","templated":true}]}}